{"id":604,"date":"2023-04-17T22:10:34","date_gmt":"2023-04-17T20:10:34","guid":{"rendered":"https:\/\/ruthcarreras.com\/home\/"},"modified":"2023-07-13T17:15:23","modified_gmt":"2023-07-13T15:15:23","slug":"home","status":"publish","type":"page","link":"https:\/\/ruthcarreras.com\/en\/","title":{"rendered":"Home"},"content":{"rendered":"\t\t<div data-elementor-type=\"wp-page\" data-elementor-id=\"604\" class=\"elementor elementor-604 elementor-2\" data-elementor-post-type=\"page\">\n\t\t\t\t\t\t\t\t\t<section class=\"elementor-section elementor-top-section elementor-element elementor-element-614a61c elementor-section-full_width elementor-section-height-default elementor-section-height-default\" data-id=\"614a61c\" data-element_type=\"section\">\n\t\t\t\t\t\t<div class=\"elementor-container elementor-column-gap-default\">\n\t\t\t\t\t<div class=\"elementor-column elementor-col-100 elementor-top-column elementor-element elementor-element-974df3d\" data-id=\"974df3d\" data-element_type=\"column\">\n\t\t\t<div class=\"elementor-widget-wrap elementor-element-populated\">\n\t\t\t\t\t\t\t\t<div class=\"elementor-element elementor-element-1bf4b18 elementor--h-position-center elementor--v-position-middle elementor-arrows-position-inside elementor-pagination-position-inside elementor-widget elementor-widget-slides\" data-id=\"1bf4b18\" data-element_type=\"widget\" data-settings=\"{&quot;navigation&quot;:&quot;both&quot;,&quot;autoplay&quot;:&quot;yes&quot;,&quot;pause_on_hover&quot;:&quot;yes&quot;,&quot;pause_on_interaction&quot;:&quot;yes&quot;,&quot;autoplay_speed&quot;:5000,&quot;infinite&quot;:&quot;yes&quot;,&quot;transition&quot;:&quot;slide&quot;,&quot;transition_speed&quot;:500}\" data-widget_type=\"slides.default\">\n\t\t\t\t<div class=\"elementor-widget-container\">\n\t\t\t<style>\/*! elementor-pro - v3.14.0 - 26-06-2023 *\/\n.elementor-slides .swiper-slide-bg{background-size:cover;background-position:50%;background-repeat:no-repeat;min-width:100%;min-height:100%}.elementor-slides .swiper-slide-inner{background-repeat:no-repeat;background-position:50%;position:absolute;top:0;left:0;bottom:0;right:0;padding:50px;margin:auto}.elementor-slides .swiper-slide-inner,.elementor-slides .swiper-slide-inner:hover{color:#fff;display:flex}.elementor-slides .swiper-slide-inner .elementor-background-overlay{position:absolute;z-index:0;top:0;bottom:0;left:0;right:0}.elementor-slides .swiper-slide-inner .elementor-slide-content{position:relative;z-index:1;width:100%}.elementor-slides .swiper-slide-inner .elementor-slide-heading{font-size:35px;font-weight:700;line-height:1}.elementor-slides .swiper-slide-inner .elementor-slide-description{font-size:17px;line-height:1.4}.elementor-slides .swiper-slide-inner .elementor-slide-description:not(:last-child),.elementor-slides .swiper-slide-inner .elementor-slide-heading:not(:last-child){margin-bottom:30px}.elementor-slides .swiper-slide-inner .elementor-slide-button{border:2px solid #fff;color:#fff;background:transparent;display:inline-block}.elementor-slides .swiper-slide-inner .elementor-slide-button,.elementor-slides .swiper-slide-inner .elementor-slide-button:hover{background:transparent;color:inherit;text-decoration:none}.elementor--v-position-top .swiper-slide-inner{align-items:flex-start}.elementor--v-position-bottom .swiper-slide-inner{align-items:flex-end}.elementor--v-position-middle .swiper-slide-inner{align-items:center}.elementor--h-position-left .swiper-slide-inner{justify-content:flex-start}.elementor--h-position-right .swiper-slide-inner{justify-content:flex-end}.elementor--h-position-center .swiper-slide-inner{justify-content:center}body.rtl .elementor-widget-slides .elementor-swiper-button-next{left:10px;right:auto}body.rtl .elementor-widget-slides .elementor-swiper-button-prev{right:10px;left:auto}.elementor-slides-wrapper div:not(.swiper-slide)>.swiper-slide-inner{display:none}@media (max-width:767px){.elementor-slides .swiper-slide-inner{padding:30px}.elementor-slides .swiper-slide-inner .elementor-slide-heading{font-size:23px;line-height:1;margin-bottom:15px}.elementor-slides .swiper-slide-inner .elementor-slide-description{font-size:13px;line-height:1.4;margin-bottom:15px}}<\/style>\t\t<div class=\"elementor-swiper\">\n\t\t\t<div class=\"elementor-slides-wrapper elementor-main-swiper swiper\" dir=\"ltr\" data-animation=\"fadeInUp\">\n\t\t\t\t<div class=\"swiper-wrapper elementor-slides\">\n\t\t\t\t\t\t\t\t\t\t<div class=\"elementor-repeater-item-6a80fc7 swiper-slide\"><div class=\"swiper-slide-bg\" role=\"img\"><\/div><div class=\"elementor-background-overlay\"><\/div><a class=\"swiper-slide-inner\" href=\"https:\/\/ruthcarreras.com\/en\/contact\/\"><div class=\"swiper-slide-contents\"><div class=\"elementor-slide-heading\">Interpreting, translation, proofreading<\/div><div class=\"elementor-slide-description\"><p>Interpreting made by Ruth Carreras.<\/p>\n<\/div><div  class=\"elementor-button elementor-slide-button elementor-size-sm\">Ask for an estimate<\/div><\/div><\/a><\/div>\t\t\t\t<\/div>\n\t\t\t\t\t\t\t<\/div>\n\t\t<\/div>\n\t\t\t\t<\/div>\n\t\t\t\t<\/div>\n\t\t\t\t\t<\/div>\n\t\t<\/div>\n\t\t\t\t\t\t\t<\/div>\n\t\t<\/section>\n\t\t\t\t<section class=\"elementor-section elementor-top-section elementor-element elementor-element-d8b0d6f elementor-section-boxed elementor-section-height-default elementor-section-height-default\" data-id=\"d8b0d6f\" data-element_type=\"section\">\n\t\t\t\t\t\t<div class=\"elementor-container elementor-column-gap-default\">\n\t\t\t\t\t<div class=\"elementor-column elementor-col-100 elementor-top-column elementor-element elementor-element-d6dad3e\" data-id=\"d6dad3e\" data-element_type=\"column\">\n\t\t\t<div class=\"elementor-widget-wrap elementor-element-populated\">\n\t\t\t\t\t\t\t\t<div class=\"elementor-element elementor-element-a0df0cf elementor-widget elementor-widget-heading\" data-id=\"a0df0cf\" data-element_type=\"widget\" data-widget_type=\"heading.default\">\n\t\t\t\t<div class=\"elementor-widget-container\">\n\t\t\t<style>\/*! elementor - v3.14.0 - 26-06-2023 *\/\n.elementor-heading-title{padding:0;margin:0;line-height:1}.elementor-widget-heading .elementor-heading-title[class*=elementor-size-]>a{color:inherit;font-size:inherit;line-height:inherit}.elementor-widget-heading .elementor-heading-title.elementor-size-small{font-size:15px}.elementor-widget-heading .elementor-heading-title.elementor-size-medium{font-size:19px}.elementor-widget-heading .elementor-heading-title.elementor-size-large{font-size:29px}.elementor-widget-heading .elementor-heading-title.elementor-size-xl{font-size:39px}.elementor-widget-heading .elementor-heading-title.elementor-size-xxl{font-size:59px}<\/style><h1 class=\"elementor-heading-title elementor-size-default\">High quality language services <br class=\"h-mob\">since more than 30 years ago\n<\/h1>\t\t<\/div>\n\t\t\t\t<\/div>\n\t\t\t\t<div class=\"elementor-element elementor-element-2d2159a elementor-widget elementor-widget-heading\" data-id=\"2d2159a\" data-element_type=\"widget\" data-widget_type=\"heading.default\">\n\t\t\t\t<div class=\"elementor-widget-container\">\n\t\t\t<span class=\"elementor-heading-title elementor-size-default\">Interpreting made by Ruth Carreras<\/span>\t\t<\/div>\n\t\t\t\t<\/div>\n\t\t\t\t\t<\/div>\n\t\t<\/div>\n\t\t\t\t\t\t\t<\/div>\n\t\t<\/section>\n\t\t\t\t<section class=\"elementor-section elementor-top-section elementor-element elementor-element-b672574 elementor-section-boxed elementor-section-height-default elementor-section-height-default\" data-id=\"b672574\" data-element_type=\"section\">\n\t\t\t\t\t\t<div class=\"elementor-container elementor-column-gap-default\">\n\t\t\t\t\t<div class=\"elementor-column elementor-col-100 elementor-top-column elementor-element elementor-element-2eac5be\" data-id=\"2eac5be\" data-element_type=\"column\">\n\t\t\t<div class=\"elementor-widget-wrap elementor-element-populated\">\n\t\t\t\t\t\t\t\t<div class=\"elementor-element elementor-element-468d44e elementor-widget elementor-widget-text-editor\" data-id=\"468d44e\" data-element_type=\"widget\" data-widget_type=\"text-editor.default\">\n\t\t\t\t<div class=\"elementor-widget-container\">\n\t\t\t<style>\/*! elementor - v3.14.0 - 26-06-2023 *\/\n.elementor-widget-text-editor.elementor-drop-cap-view-stacked .elementor-drop-cap{background-color:#69727d;color:#fff}.elementor-widget-text-editor.elementor-drop-cap-view-framed .elementor-drop-cap{color:#69727d;border:3px solid;background-color:transparent}.elementor-widget-text-editor:not(.elementor-drop-cap-view-default) .elementor-drop-cap{margin-top:8px}.elementor-widget-text-editor:not(.elementor-drop-cap-view-default) .elementor-drop-cap-letter{width:1em;height:1em}.elementor-widget-text-editor .elementor-drop-cap{float:left;text-align:center;line-height:1;font-size:50px}.elementor-widget-text-editor .elementor-drop-cap-letter{display:inline-block}<\/style>\t\t\t\t<p>Please try our language services in Spain (Barcelona). We are offering Simultaneous, On-line, Consecutive, Bilateral, Whispered Interpreting services, also available for Focus Groups and more, in English, Spanish, French, Catalan and other languages. In addition, written translations, official and sworn too, proofreading.<\/p>\n<p>Please contact us now to improve your multilingual communication in the company and to enable yourself to reach out worldwide.<\/p>\n\t\t\t\t\t\t<\/div>\n\t\t\t\t<\/div>\n\t\t\t\t\t<\/div>\n\t\t<\/div>\n\t\t\t\t\t\t\t<\/div>\n\t\t<\/section>\n\t\t<div class=\"elementor-element elementor-element-c9c4ef3 e-flex e-con-boxed e-con\" data-id=\"c9c4ef3\" data-element_type=\"container\" data-settings=\"{&quot;content_width&quot;:&quot;boxed&quot;}\">\n\t\t\t\t\t<div class=\"e-con-inner\">\n\t\t\t\t<div class=\"elementor-element elementor-element-a0f4623 elementor-widget elementor-widget-heading\" data-id=\"a0f4623\" data-element_type=\"widget\" data-widget_type=\"heading.default\">\n\t\t\t\t<div class=\"elementor-widget-container\">\n\t\t\t<h2 class=\"elementor-heading-title elementor-size-default\">Services<\/h2>\t\t<\/div>\n\t\t\t\t<\/div>\n\t\t\t\t\t<\/div>\n\t\t\t\t<\/div>\n\t\t<div class=\"elementor-element elementor-element-1f83444 e-flex e-con-boxed e-con\" data-id=\"1f83444\" data-element_type=\"container\" data-settings=\"{&quot;content_width&quot;:&quot;boxed&quot;}\">\n\t\t\t\t\t<div class=\"e-con-inner\">\n\t\t<div class=\"elementor-element elementor-element-134d4fd e-con-full e-flex e-con\" data-id=\"134d4fd\" data-element_type=\"container\" data-settings=\"{&quot;content_width&quot;:&quot;full&quot;}\">\n\t\t\t\t<div class=\"elementor-element elementor-element-02afba5 elementor-widget elementor-widget-image\" data-id=\"02afba5\" data-element_type=\"widget\" data-widget_type=\"image.default\">\n\t\t\t\t<div class=\"elementor-widget-container\">\n\t\t\t<style>\/*! elementor - v3.14.0 - 26-06-2023 *\/\n.elementor-widget-image{text-align:center}.elementor-widget-image a{display:inline-block}.elementor-widget-image a img[src$=\".svg\"]{width:48px}.elementor-widget-image img{vertical-align:middle;display:inline-block}<\/style>\t\t\t\t\t\t\t\t\t\t\t\t\t<a href=\"https:\/\/ruthcarreras.com\/en\/interpreting\/\">\n\t\t\t\t\t\t\t<img loading=\"lazy\" decoding=\"async\" width=\"800\" height=\"859\" src=\"https:\/\/ruthcarreras.com\/wp-content\/uploads\/2023\/06\/interpretacion_cut-min-954x1024.jpg\" class=\"attachment-large size-large wp-image-456\" alt=\"\" srcset=\"https:\/\/ruthcarreras.com\/wp-content\/uploads\/2023\/06\/interpretacion_cut-min-954x1024.jpg 954w, https:\/\/ruthcarreras.com\/wp-content\/uploads\/2023\/06\/interpretacion_cut-min-280x300.jpg 280w, https:\/\/ruthcarreras.com\/wp-content\/uploads\/2023\/06\/interpretacion_cut-min-768x824.jpg 768w, https:\/\/ruthcarreras.com\/wp-content\/uploads\/2023\/06\/interpretacion_cut-min.jpg 1000w\" sizes=\"auto, (max-width: 800px) 100vw, 800px\" \/>\t\t\t\t\t\t\t\t<\/a>\n\t\t\t\t\t\t\t\t\t\t\t\t\t\t\t<\/div>\n\t\t\t\t<\/div>\n\t\t\t\t<div class=\"elementor-element elementor-element-f842e4e elementor-view-default elementor-vertical-align-top elementor-widget elementor-widget-icon-box\" data-id=\"f842e4e\" data-element_type=\"widget\" data-widget_type=\"icon-box.default\">\n\t\t\t\t<div class=\"elementor-widget-container\">\n\t\t\t<link rel=\"stylesheet\" href=\"https:\/\/ruthcarreras.com\/wp-content\/plugins\/elementor\/assets\/css\/widget-icon-box.min.css\">\t\t<div class=\"elementor-icon-box-wrapper\">\n\t\t\t\t\t\t<div class=\"elementor-icon-box-content\">\n\t\t\t\t<h3 class=\"elementor-icon-box-title\">\n\t\t\t\t\t<a href=\"https:\/\/ruthcarreras.com\/en\/interpreting\/\" >\n\t\t\t\t\t\tInterpreting\t\t\t\t\t<\/a>\n\t\t\t\t<\/h3>\n\t\t\t\t\t\t\t\t\t<p class=\"elementor-icon-box-description\">\n\t\t\t\t\t\tWe provide Simultaneous, <b>On-line Simultaneous<\/b>, Consecutive, Bilateral, Conference call, Sworn Interpreting services and more, tailored to your specifics. We fully commit ourselves to keeping all matters confidential.\t\t\t\t\t<\/p>\n\t\t\t\t\t\t\t<\/div>\n\t\t<\/div>\n\t\t\t\t<\/div>\n\t\t\t\t<\/div>\n\t\t\t\t<\/div>\n\t\t<div class=\"elementor-element elementor-element-1b63f82 e-con-full e-flex e-con\" data-id=\"1b63f82\" data-element_type=\"container\" data-settings=\"{&quot;content_width&quot;:&quot;full&quot;}\">\n\t\t\t\t<div class=\"elementor-element elementor-element-2d5170f elementor-widget elementor-widget-image\" data-id=\"2d5170f\" data-element_type=\"widget\" data-widget_type=\"image.default\">\n\t\t\t\t<div class=\"elementor-widget-container\">\n\t\t\t\t\t\t\t\t\t\t\t\t\t\t\t\t<a href=\"https:\/\/ruthcarreras.com\/en\/translation\/\">\n\t\t\t\t\t\t\t<img loading=\"lazy\" decoding=\"async\" width=\"800\" height=\"650\" src=\"https:\/\/ruthcarreras.com\/wp-content\/uploads\/2023\/06\/Traduccion-min-1024x832.jpg\" class=\"attachment-large size-large wp-image-426\" alt=\"\" srcset=\"https:\/\/ruthcarreras.com\/wp-content\/uploads\/2023\/06\/Traduccion-min-1024x832.jpg 1024w, https:\/\/ruthcarreras.com\/wp-content\/uploads\/2023\/06\/Traduccion-min-300x244.jpg 300w, https:\/\/ruthcarreras.com\/wp-content\/uploads\/2023\/06\/Traduccion-min-768x624.jpg 768w, https:\/\/ruthcarreras.com\/wp-content\/uploads\/2023\/06\/Traduccion-min.jpg 1200w\" sizes=\"auto, (max-width: 800px) 100vw, 800px\" \/>\t\t\t\t\t\t\t\t<\/a>\n\t\t\t\t\t\t\t\t\t\t\t\t\t\t\t<\/div>\n\t\t\t\t<\/div>\n\t\t\t\t<div class=\"elementor-element elementor-element-be54092 elementor-view-default elementor-vertical-align-top elementor-widget elementor-widget-icon-box\" data-id=\"be54092\" data-element_type=\"widget\" data-widget_type=\"icon-box.default\">\n\t\t\t\t<div class=\"elementor-widget-container\">\n\t\t\t\t\t<div class=\"elementor-icon-box-wrapper\">\n\t\t\t\t\t\t<div class=\"elementor-icon-box-content\">\n\t\t\t\t<h3 class=\"elementor-icon-box-title\">\n\t\t\t\t\t<a href=\"https:\/\/ruthcarreras.com\/en\/translation\/\" >\n\t\t\t\t\t\tTranslation\t\t\t\t\t<\/a>\n\t\t\t\t<\/h3>\n\t\t\t\t\t\t\t\t\t<p class=\"elementor-icon-box-description\">\n\t\t\t\t\t\tWritten Translation service. Direct, Inverse and Sworn Translations, also digitally signed. In several languages. Confidentiality guaranteed.\t\t\t\t\t<\/p>\n\t\t\t\t\t\t\t<\/div>\n\t\t<\/div>\n\t\t\t\t<\/div>\n\t\t\t\t<\/div>\n\t\t\t\t<\/div>\n\t\t<div class=\"elementor-element elementor-element-030eb3d e-con-full e-flex e-con\" data-id=\"030eb3d\" data-element_type=\"container\" data-settings=\"{&quot;content_width&quot;:&quot;full&quot;}\">\n\t\t\t\t<div class=\"elementor-element elementor-element-333cac9 elementor-widget elementor-widget-image\" data-id=\"333cac9\" data-element_type=\"widget\" data-widget_type=\"image.default\">\n\t\t\t\t<div class=\"elementor-widget-container\">\n\t\t\t\t\t\t\t\t\t\t\t\t\t\t\t\t<a href=\"https:\/\/ruthcarreras.com\/en\/proofreading\/\">\n\t\t\t\t\t\t\t<img loading=\"lazy\" decoding=\"async\" width=\"800\" height=\"831\" src=\"https:\/\/ruthcarreras.com\/wp-content\/uploads\/2023\/06\/correccion_cut-min-986x1024.jpg\" class=\"attachment-large size-large wp-image-458\" alt=\"\" srcset=\"https:\/\/ruthcarreras.com\/wp-content\/uploads\/2023\/06\/correccion_cut-min-986x1024.jpg 986w, https:\/\/ruthcarreras.com\/wp-content\/uploads\/2023\/06\/correccion_cut-min-289x300.jpg 289w, https:\/\/ruthcarreras.com\/wp-content\/uploads\/2023\/06\/correccion_cut-min-768x798.jpg 768w, https:\/\/ruthcarreras.com\/wp-content\/uploads\/2023\/06\/correccion_cut-min.jpg 1000w\" sizes=\"auto, (max-width: 800px) 100vw, 800px\" \/>\t\t\t\t\t\t\t\t<\/a>\n\t\t\t\t\t\t\t\t\t\t\t\t\t\t\t<\/div>\n\t\t\t\t<\/div>\n\t\t\t\t<div class=\"elementor-element elementor-element-5ed8aa6 elementor-view-default elementor-vertical-align-top elementor-widget elementor-widget-icon-box\" data-id=\"5ed8aa6\" data-element_type=\"widget\" data-widget_type=\"icon-box.default\">\n\t\t\t\t<div class=\"elementor-widget-container\">\n\t\t\t\t\t<div class=\"elementor-icon-box-wrapper\">\n\t\t\t\t\t\t<div class=\"elementor-icon-box-content\">\n\t\t\t\t<h3 class=\"elementor-icon-box-title\">\n\t\t\t\t\t<a href=\"https:\/\/ruthcarreras.com\/en\/proofreading\/\" >\n\t\t\t\t\t\tProofreading\t\t\t\t\t<\/a>\n\t\t\t\t<\/h3>\n\t\t\t\t\t\t\t\t\t<p class=\"elementor-icon-box-description\">\n\t\t\t\t\t\tProofreading texts and page-proofs before going to print. In several languages. Our commitment and our confidentiality.\t\t\t\t\t<\/p>\n\t\t\t\t\t\t\t<\/div>\n\t\t<\/div>\n\t\t\t\t<\/div>\n\t\t\t\t<\/div>\n\t\t\t\t<\/div>\n\t\t\t\t\t<\/div>\n\t\t\t\t<\/div>\n\t\t\t\t\t\t\t<\/div>\n\t\t","protected":false},"excerpt":{"rendered":"<p>Interpreting, translation, proofreading Interpreting made by Ruth Carreras. Ask for an estimate High quality language services since more than 30 years ago Interpreting made by Ruth Carreras Please try our language services in Spain (Barcelona). We are offering Simultaneous, On-line, Consecutive, Bilateral, Whispered Interpreting services, also available for Focus Groups and more, in English, Spanish, [&hellip;]<\/p>\n","protected":false},"author":1,"featured_media":0,"parent":0,"menu_order":0,"comment_status":"closed","ping_status":"closed","template":"","meta":{"footnotes":""},"class_list":["post-604","page","type-page","status-publish","hentry"],"yoast_head":"<!-- This site is optimized with the Yoast SEO plugin v20.11 - https:\/\/yoast.com\/wordpress\/plugins\/seo\/ -->\n<title>Interpreting, Translation, Proofreading | Since more than 30 years ago<\/title>\n<meta name=\"description\" content=\"Simultaneous, On-line, Consecutive, Bilateral, Whispered Interpreting services, written translations and sworn, proofreading and more.\" \/>\n<meta name=\"robots\" content=\"index, follow, max-snippet:-1, max-image-preview:large, max-video-preview:-1\" \/>\n<link rel=\"canonical\" href=\"https:\/\/ruthcarreras.com\/en\/home\/\" \/>\n<meta property=\"og:locale\" content=\"en_US\" \/>\n<meta property=\"og:type\" content=\"article\" \/>\n<meta property=\"og:title\" content=\"Interpreting, Translation, Proofreading | Since more than 30 years ago\" \/>\n<meta property=\"og:description\" content=\"Simultaneous, On-line, Consecutive, Bilateral, Whispered Interpreting services, written translations and sworn, proofreading and more.\" \/>\n<meta property=\"og:url\" content=\"https:\/\/ruthcarreras.com\/en\/home\/\" \/>\n<meta property=\"og:site_name\" content=\"Ruth Carreras - Servicios ling\u00fc\u00edsticos e interpretaci\u00f3n en Barcelona desde 1991\" \/>\n<meta property=\"article:modified_time\" content=\"2023-07-13T15:15:23+00:00\" \/>\n<meta property=\"og:image\" content=\"https:\/\/ruthcarreras.com\/wp-content\/uploads\/2023\/06\/interpretacion_cut-min-954x1024.jpg\" \/>\n<meta name=\"twitter:card\" content=\"summary_large_image\" \/>\n<meta name=\"twitter:label1\" content=\"Est. reading time\" \/>\n\t<meta name=\"twitter:data1\" content=\"1 minute\" \/>\n<script type=\"application\/ld+json\" class=\"yoast-schema-graph\">{\"@context\":\"https:\/\/schema.org\",\"@graph\":[{\"@type\":\"WebPage\",\"@id\":\"https:\/\/ruthcarreras.com\/en\/home\/\",\"url\":\"https:\/\/ruthcarreras.com\/en\/home\/\",\"name\":\"Interpreting, Translation, Proofreading | Since more than 30 years ago\",\"isPartOf\":{\"@id\":\"https:\/\/ruthcarreras.com\/#website\"},\"datePublished\":\"2023-04-17T20:10:34+00:00\",\"dateModified\":\"2023-07-13T15:15:23+00:00\",\"description\":\"Simultaneous, On-line, Consecutive, Bilateral, Whispered Interpreting services, written translations and sworn, proofreading and more.\",\"breadcrumb\":{\"@id\":\"https:\/\/ruthcarreras.com\/en\/home\/#breadcrumb\"},\"inLanguage\":\"en-US\",\"potentialAction\":[{\"@type\":\"ReadAction\",\"target\":[\"https:\/\/ruthcarreras.com\/en\/home\/\"]}]},{\"@type\":\"BreadcrumbList\",\"@id\":\"https:\/\/ruthcarreras.com\/en\/home\/#breadcrumb\",\"itemListElement\":[{\"@type\":\"ListItem\",\"position\":1,\"name\":\"Portada\",\"item\":\"https:\/\/ruthcarreras.com\/en\/home\/\"},{\"@type\":\"ListItem\",\"position\":2,\"name\":\"Home\"}]},{\"@type\":\"WebSite\",\"@id\":\"https:\/\/ruthcarreras.com\/#website\",\"url\":\"https:\/\/ruthcarreras.com\/\",\"name\":\"Ruth Carreras - Servicios ling\u00fc\u00edsticos e interpretaci\u00f3n en Barcelona desde 1991\",\"description\":\"Ofrecemos servicios ling\u00fc\u00edsticos de interpretaci\u00f3n y traducci\u00f3n en Barcelona, Espa\u00f1a desde 1991. Trabajamos con varios idiomas como ingl\u00e9s, espa\u00f1ol, franc\u00e9s, catal\u00e1n, ruso, rumano, polaco, chino, japon\u00e9s, alem\u00e1n, italiano, portugu\u00e9s, holand\u00e9s y dan\u00e9s. Tambi\u00e9n ofrecemos ense\u00f1anza de idiomas y correcci\u00f3n de textos.\",\"publisher\":{\"@id\":\"https:\/\/ruthcarreras.com\/#organization\"},\"potentialAction\":[{\"@type\":\"SearchAction\",\"target\":{\"@type\":\"EntryPoint\",\"urlTemplate\":\"https:\/\/ruthcarreras.com\/?s={search_term_string}\"},\"query-input\":\"required name=search_term_string\"}],\"inLanguage\":\"en-US\"},{\"@type\":\"Organization\",\"@id\":\"https:\/\/ruthcarreras.com\/#organization\",\"name\":\"Ruth Carreras\",\"url\":\"https:\/\/ruthcarreras.com\/\",\"logo\":{\"@type\":\"ImageObject\",\"inLanguage\":\"en-US\",\"@id\":\"https:\/\/ruthcarreras.com\/#\/schema\/logo\/image\/\",\"url\":\"https:\/\/ruthcarreras.com\/wp-content\/uploads\/2023\/04\/logo-ruth-carreras.png\",\"contentUrl\":\"https:\/\/ruthcarreras.com\/wp-content\/uploads\/2023\/04\/logo-ruth-carreras.png\",\"width\":500,\"height\":100,\"caption\":\"Ruth Carreras\"},\"image\":{\"@id\":\"https:\/\/ruthcarreras.com\/#\/schema\/logo\/image\/\"}}]}<\/script>\n<!-- \/ Yoast SEO plugin. -->","yoast_head_json":{"title":"Interpreting, Translation, Proofreading | Since more than 30 years ago","description":"Simultaneous, On-line, Consecutive, Bilateral, Whispered Interpreting services, written translations and sworn, proofreading and more.","robots":{"index":"index","follow":"follow","max-snippet":"max-snippet:-1","max-image-preview":"max-image-preview:large","max-video-preview":"max-video-preview:-1"},"canonical":"https:\/\/ruthcarreras.com\/en\/home\/","og_locale":"en_US","og_type":"article","og_title":"Interpreting, Translation, Proofreading | Since more than 30 years ago","og_description":"Simultaneous, On-line, Consecutive, Bilateral, Whispered Interpreting services, written translations and sworn, proofreading and more.","og_url":"https:\/\/ruthcarreras.com\/en\/home\/","og_site_name":"Ruth Carreras - Servicios ling\u00fc\u00edsticos e interpretaci\u00f3n en Barcelona desde 1991","article_modified_time":"2023-07-13T15:15:23+00:00","og_image":[{"url":"https:\/\/ruthcarreras.com\/wp-content\/uploads\/2023\/06\/interpretacion_cut-min-954x1024.jpg"}],"twitter_card":"summary_large_image","twitter_misc":{"Est. reading time":"1 minute"},"schema":{"@context":"https:\/\/schema.org","@graph":[{"@type":"WebPage","@id":"https:\/\/ruthcarreras.com\/en\/home\/","url":"https:\/\/ruthcarreras.com\/en\/home\/","name":"Interpreting, Translation, Proofreading | Since more than 30 years ago","isPartOf":{"@id":"https:\/\/ruthcarreras.com\/#website"},"datePublished":"2023-04-17T20:10:34+00:00","dateModified":"2023-07-13T15:15:23+00:00","description":"Simultaneous, On-line, Consecutive, Bilateral, Whispered Interpreting services, written translations and sworn, proofreading and more.","breadcrumb":{"@id":"https:\/\/ruthcarreras.com\/en\/home\/#breadcrumb"},"inLanguage":"en-US","potentialAction":[{"@type":"ReadAction","target":["https:\/\/ruthcarreras.com\/en\/home\/"]}]},{"@type":"BreadcrumbList","@id":"https:\/\/ruthcarreras.com\/en\/home\/#breadcrumb","itemListElement":[{"@type":"ListItem","position":1,"name":"Portada","item":"https:\/\/ruthcarreras.com\/en\/home\/"},{"@type":"ListItem","position":2,"name":"Home"}]},{"@type":"WebSite","@id":"https:\/\/ruthcarreras.com\/#website","url":"https:\/\/ruthcarreras.com\/","name":"Ruth Carreras - Servicios ling\u00fc\u00edsticos e interpretaci\u00f3n en Barcelona desde 1991","description":"Ofrecemos servicios ling\u00fc\u00edsticos de interpretaci\u00f3n y traducci\u00f3n en Barcelona, Espa\u00f1a desde 1991. Trabajamos con varios idiomas como ingl\u00e9s, espa\u00f1ol, franc\u00e9s, catal\u00e1n, ruso, rumano, polaco, chino, japon\u00e9s, alem\u00e1n, italiano, portugu\u00e9s, holand\u00e9s y dan\u00e9s. Tambi\u00e9n ofrecemos ense\u00f1anza de idiomas y correcci\u00f3n de textos.","publisher":{"@id":"https:\/\/ruthcarreras.com\/#organization"},"potentialAction":[{"@type":"SearchAction","target":{"@type":"EntryPoint","urlTemplate":"https:\/\/ruthcarreras.com\/?s={search_term_string}"},"query-input":"required name=search_term_string"}],"inLanguage":"en-US"},{"@type":"Organization","@id":"https:\/\/ruthcarreras.com\/#organization","name":"Ruth Carreras","url":"https:\/\/ruthcarreras.com\/","logo":{"@type":"ImageObject","inLanguage":"en-US","@id":"https:\/\/ruthcarreras.com\/#\/schema\/logo\/image\/","url":"https:\/\/ruthcarreras.com\/wp-content\/uploads\/2023\/04\/logo-ruth-carreras.png","contentUrl":"https:\/\/ruthcarreras.com\/wp-content\/uploads\/2023\/04\/logo-ruth-carreras.png","width":500,"height":100,"caption":"Ruth Carreras"},"image":{"@id":"https:\/\/ruthcarreras.com\/#\/schema\/logo\/image\/"}}]}},"_links":{"self":[{"href":"https:\/\/ruthcarreras.com\/en\/wp-json\/wp\/v2\/pages\/604","targetHints":{"allow":["GET"]}}],"collection":[{"href":"https:\/\/ruthcarreras.com\/en\/wp-json\/wp\/v2\/pages"}],"about":[{"href":"https:\/\/ruthcarreras.com\/en\/wp-json\/wp\/v2\/types\/page"}],"author":[{"embeddable":true,"href":"https:\/\/ruthcarreras.com\/en\/wp-json\/wp\/v2\/users\/1"}],"replies":[{"embeddable":true,"href":"https:\/\/ruthcarreras.com\/en\/wp-json\/wp\/v2\/comments?post=604"}],"version-history":[{"count":14,"href":"https:\/\/ruthcarreras.com\/en\/wp-json\/wp\/v2\/pages\/604\/revisions"}],"predecessor-version":[{"id":832,"href":"https:\/\/ruthcarreras.com\/en\/wp-json\/wp\/v2\/pages\/604\/revisions\/832"}],"wp:attachment":[{"href":"https:\/\/ruthcarreras.com\/en\/wp-json\/wp\/v2\/media?parent=604"}],"curies":[{"name":"wp","href":"https:\/\/api.w.org\/{rel}","templated":true}]}}